{"id":74,"date":"2016-06-29T12:09:15","date_gmt":"2016-06-29T10:09:15","guid":{"rendered":"http:\/\/localhost\/pcpr\/?page_id=74"},"modified":"2021-03-04T09:16:02","modified_gmt":"2021-03-04T08:16:02","slug":"sport-kultura-rekreacja-i-turystyka","status":"publish","type":"page","link":"https:\/\/pcprwolsztyn.pl\/index.php\/pomoc-osobom-niepelnosprawnym\/sport-kultura-rekreacja-i-turystyka\/","title":{"rendered":"SPORT, KULTURA, REKREACJA I TURYSTYKA"},"content":{"rendered":"<p><img loading=\"lazy\" decoding=\"async\" class=\"alignnone wp-image-895\" src=\"http:\/\/pcprwolsztyn.pl\/wp-content\/uploads\/2017\/05\/logo-PFRON-2.jpg\" alt=\"\" width=\"206\" height=\"108\" \/><\/p>\n<p><strong>Dofinansowanie sportu, kultury, rekreacji i turystyki os\u00f3b niepe\u0142nosprawnych<\/strong><\/p>\n<p><strong>Podstawa prawna<\/strong><\/p>\n<ul>\n<li>Art. 35a ust. 1 pkt 7) lit. b) ustawy z dnia 27 sierpnia 1997 r. o rehabilitacji zawodowej i spo\u0142ecznej oraz zatrudnianiu os\u00f3b niepe\u0142nosprawnych (Dz.U. z 2020 r. poz. 426 z p\u00f3\u017an. zm.),<\/li>\n<li>Rozporz\u0105dzenie Ministra Pracy i Polityki Spo\u0142ecznej z dnia 25 czerwca 2002 r. w sprawie okre\u015blenia rodzaj\u00f3w zada\u0144 powiatu, kt\u00f3re mog\u0105 by\u0107 finansowane ze \u015brodk\u00f3w Pa\u0144stwowego Funduszu Rehabilitacji Os\u00f3b Niepe\u0142nosprawnych (Dz.U. z 2015 r. poz. 926).<\/li>\n<\/ul>\n<p>Wnioski o dofinansowanie organizacji sportu, kultury, rekreacji i turystyki dla os\u00f3b niepe\u0142nosprawnych mog\u0105 sk\u0142ada\u0107 osoby prawne i jednostki organizacyjne nieposiadaj\u0105ce osobowo\u015bci prawnej, je\u017celi:<\/p>\n<ul>\n<li>prowadz\u0105 dzia\u0142alno\u015b\u0107 na rzecz os\u00f3b niepe\u0142nosprawnych przez okres co najmniej dw\u00f3ch lat przed dniem z\u0142o\u017cenia wniosku,<\/li>\n<li>udokumentuj\u0105 zapewnienie odpowiednich do potrzeb os\u00f3b niepe\u0142nosprawnych warunk\u00f3w technicznych i lokalowych do realizacji zadania,<\/li>\n<li>udokumentuj\u0105 posiadanie \u015brodk\u00f3w w\u0142asnych lub pozyskanych z innych \u017ar\u00f3de\u0142 na sfinansowanie przedsi\u0119wzi\u0119cia w wysoko\u015bci nieobj\u0119tej dofinansowaniem ze \u015brodk\u00f3w Funduszu.<\/li>\n<\/ul>\n<p>Dofinansowanie nast\u0119puje na pisemny wniosek z\u0142o\u017cony do Powiatowego Centrum Pomocy Rodzinie w\u0142a\u015bciwego dla miejsca zamieszkania os\u00f3b niepe\u0142nosprawnych obj\u0119tych wnioskiem o dofinansowanie.<\/p>\n<p><strong>Wniosek o dofinansowanie sk\u0142ada si\u0119 w terminie do dnia 30 listopada roku poprzedzaj\u0105cego realizacje zada\u0144.<\/strong><\/p>\n<p>Druk wniosku o dofinansowanie koszt\u00f3w organizacji sportu, kultury, rekreacji i turystyki os\u00f3b niepe\u0142nosprawnych, mo\u017cna otrzyma\u0107 w Powiatowym Centrum Pomocy Rodzinie w Wolsztynie przy ul. Marcinkowskiego 6. Uzyskanie wniosku jest r\u00f3wnie\u017c mo\u017cliwe poprzez pobranie go ze strony internetowej pcprwolsztyn.pl.<\/p>\n<p>Do wniosku nale\u017cy do\u0142\u0105czy\u0107:<\/p>\n<ul>\n<li>aktualny odpis lub informacj\u0119 odpowiadaj\u0105c\u0105 odpisowi aktualnemu z odpowiedniego rejestru KRS, wydruk lub za\u015bwiadczenie z Centralnej Ewidencji i Informacji o Dzia\u0142alno\u015bci Gospodarczej RP (wa\u017cne 3 miesi\u0105ce od daty wystawienia),<\/li>\n<li>statut,<\/li>\n<li>pe\u0142nomocnictwo,<\/li>\n<li>za\u015bwiadczenie banku potwierdzaj\u0105ce posiadanie rachunku bankowego wraz z informacj\u0105\u00a0 \u00a0\u00a0o ewentualnych obci\u0105\u017ceniach,<\/li>\n<li>o\u015bwiadczenie czy Wnioskodawca jest p\u0142atnikiem VAT (wg wzoru stanowi\u0105cego Za\u0142\u0105cznik nr 1 do wniosku),<\/li>\n<li>informacj\u0119 o prowadzeniu dzia\u0142alno\u015bci na rzecz os\u00f3b niepe\u0142nosprawnych lub dzia\u0142alno\u015bci zwi\u0105zanej z rehabilitacj\u0105 os\u00f3b niepe\u0142nosprawnych przez okres co najmniej 2 lat przed dniem z\u0142o\u017cenia wniosku (opis dzia\u0142a\u0144 zrealizowanych na rzecz os\u00f3b niepe\u0142nosprawnych),<\/li>\n<li>za\u015bwiadczenie o pomocy de minimis otrzymanej w okresie obejmuj\u0105cym bie\u017c\u0105cy rok kalendarzowy oraz dwa poprzedzaj\u0105ce go lata kalendarzowe albo o\u015bwiadczenie o niekorzystaniu z pomocy de minimis (wg wzoru stanowi\u0105cego Za\u0142\u0105cznik nr 2 do wniosku),<\/li>\n<li>informacj\u0119 o ka\u017cdej pomocy innej ni\u017c de minimis, jak\u0105 Wnioskodawca otrzyma\u0142 w odniesieniu do tych samych koszt\u00f3w kwalifikuj\u0105cych do obj\u0119cia pomoc\u0105 oraz na dany projekt inwestycyjny, z kt\u00f3rym jest zwi\u0105zana pomoc de minimis,<\/li>\n<li>o\u015bwiadczenie, i\u017c Wnioskodawca nie jest przedsi\u0119biorc\u0105 znajduj\u0105cym si\u0119 w trudnej sytuacji ekonomicznej, wed\u0142ug kryteri\u00f3w okre\u015blonych w przepisach prawa Unii Europejskiej dotycz\u0105cych udzielania pomocy (wg wzoru stanowi\u0105cego Za\u0142\u0105cznik nr 3 do wniosku),<\/li>\n<li>potwierdzon\u0105 kopi\u0119 decyzji w sprawie przyznania statusu ZPCHR,<\/li>\n<li>informacj\u0119 o wysoko\u015bci oraz sposobie wykorzystania \u015brodk\u00f3w zak\u0142adowego funduszu rehabilitacji os\u00f3b niepe\u0142nosprawnych za okres 3 miesi\u0119cy przed dniem z\u0142o\u017cenia wniosku,<\/li>\n<li>nazw\u0119 i szczeg\u00f3\u0142owy zakres i miejsce realizacji zadania \u2013 program merytoryczny,<\/li>\n<li>kosztorys wydatk\u00f3w zwi\u0105zanych z realizacj\u0105 zadania (wg wzoru stanowi\u0105cego Za\u0142\u0105cznik nr 4 do wniosku),<\/li>\n<li>o\u015bwiadczenie potwierdzaj\u0105ce zapewnienie odpowiednich do potrzeb os\u00f3b niepe\u0142nosprawnych warunk\u00f3w technicznych i lokalowych do realizacji zadania (wg wzoru stanowi\u0105cego Za\u0142\u0105cznik nr 5 do wniosku),<\/li>\n<li>o\u015bwiadczenie potwierdzaj\u0105ce posiadanie \u015brodk\u00f3w w\u0142asnych lub pozyskanych z innych \u017ar\u00f3de\u0142 na sfinansowanie planowanych przedsi\u0119wzi\u0119\u0107 w wysoko\u015bci nieobj\u0119tej\u00a0 dofinansowaniem ze \u015brodk\u00f3w PFRON (wg wzoru stanowi\u0105cego Za\u0142\u0105cznik nr 6 do wniosku),<\/li>\n<li>klauzul\u0119 informacyjn\u0105 (wg wzoru stanowi\u0105cego za\u0142\u0105cznik nr 7 do wniosku).<\/li>\n<\/ul>\n<p>PCPR w terminie 10 dni od dnia z\u0142o\u017cenia wniosku informuje podmiot, kt\u00f3ry z\u0142o\u017cy\u0142 wniosek, o wyst\u0119puj\u0105cych we wniosku uchybieniach, kt\u00f3re powinny zosta\u0107 usuni\u0119te w terminie 30 dni. Nieusuni\u0119cie ich w wyznaczonym terminie powoduje pozostawienie wniosku bez rozpatrzenia.<\/p>\n<p>Wnioski rozpatrywane s\u0105 \u00a0po otrzymaniu z PFRON informacji o wysoko\u015bci \u015brodk\u00f3w oraz po podj\u0119ciu przez Rad\u0119 Powiatu Wolszty\u0144skiego uchwa\u0142y w sprawie okre\u015blenia rodzaj\u00f3w zada\u0144 i wysoko\u015bci \u015brodk\u00f3w PFRON przypadaj\u0105cych wed\u0142ug algorytmu w danym roku kalendarzowym na realizacj\u0119 zada\u0144 z zakresu rehabilitacji zawodowej i spo\u0142ecznej os\u00f3b niepe\u0142nosprawnych.<\/p>\n<p>Wysoko\u015b\u0107 dofinansowania koszt\u00f3w organizacji sportu, kultury, rekreacji i turystyki os\u00f3b niepe\u0142nosprawnych wynosi do 60% koszt\u00f3w przedsi\u0119wzi\u0119cia. Podstaw\u0119 wyp\u0142aty \u015brodk\u00f3w stanowi umowa zawarta przez starost\u0119 z osob\u0105 prawn\u0105 lub jednostk\u0105 organizacyjn\u0105 nieposiadaj\u0105c\u0105 osobowo\u015bci prawnej.<\/p>\n<p>Dofinansowanie ze \u015brodk\u00f3w Funduszu nie przys\u0142uguje, je\u017celi podmiot ubiegaj\u0105cy si\u0119 o dofinansowanie ma zaleg\u0142o\u015bci wobec Funduszu lub podmiot ten by\u0142, w ci\u0105gu trzech lat przed z\u0142o\u017ceniem wniosku, stron\u0105 umowy o dofinansowanie ze \u015brodk\u00f3w Funduszu, rozwi\u0105zanej z przyczyn le\u017c\u0105cych po stronie tego podmiotu.<\/p>\n<p>Dofinansowanie nie mo\u017ce obejmowa\u0107 koszt\u00f3w realizacji zadania poniesionych przed przyznaniem \u015brodk\u00f3w finansowych i zawarciem umowy o dofinansowanie ze \u015brodk\u00f3w Funduszu.<\/p>\n","protected":false},"excerpt":{"rendered":"<p>Dofinansowanie sportu, kultury, rekreacji i turystyki os\u00f3b niepe\u0142nosprawnych Podstawa prawna Art. 35a ust. 1 pkt 7) lit. b) ustawy z dnia 27 sierpnia 1997 r. o rehabilitacji zawodowej i spo\u0142ecznej oraz zatrudnianiu os\u00f3b niepe\u0142nosprawnych (Dz.U. z 2020 r. poz. 426 &hellip; <a href=\"https:\/\/pcprwolsztyn.pl\/index.php\/pomoc-osobom-niepelnosprawnym\/sport-kultura-rekreacja-i-turystyka\/\">Czytaj dalej <span class=\"meta-nav\">&rarr;<\/span><\/a><\/p>\n","protected":false},"author":1,"featured_media":0,"parent":44,"menu_order":4,"comment_status":"closed","ping_status":"closed","template":"","meta":{"footnotes":""},"class_list":["post-74","page","type-page","status-publish","hentry"],"_links":{"self":[{"href":"https:\/\/pcprwolsztyn.pl\/index.php\/wp-json\/wp\/v2\/pages\/74","targetHints":{"allow":["GET"]}}],"collection":[{"href":"https:\/\/pcprwolsztyn.pl\/index.php\/wp-json\/wp\/v2\/pages"}],"about":[{"href":"https:\/\/pcprwolsztyn.pl\/index.php\/wp-json\/wp\/v2\/types\/page"}],"author":[{"embeddable":true,"href":"https:\/\/pcprwolsztyn.pl\/index.php\/wp-json\/wp\/v2\/users\/1"}],"replies":[{"embeddable":true,"href":"https:\/\/pcprwolsztyn.pl\/index.php\/wp-json\/wp\/v2\/comments?post=74"}],"version-history":[{"count":5,"href":"https:\/\/pcprwolsztyn.pl\/index.php\/wp-json\/wp\/v2\/pages\/74\/revisions"}],"predecessor-version":[{"id":2596,"href":"https:\/\/pcprwolsztyn.pl\/index.php\/wp-json\/wp\/v2\/pages\/74\/revisions\/2596"}],"up":[{"embeddable":true,"href":"https:\/\/pcprwolsztyn.pl\/index.php\/wp-json\/wp\/v2\/pages\/44"}],"wp:attachment":[{"href":"https:\/\/pcprwolsztyn.pl\/index.php\/wp-json\/wp\/v2\/media?parent=74"}],"curies":[{"name":"wp","href":"https:\/\/api.w.org\/{rel}","templated":true}]}}